{"id":84,"date":"2022-05-20T18:57:57","date_gmt":"2022-05-20T18:57:57","guid":{"rendered":"https:\/\/americas-voice-show-me-your-friends.local\/noticias\/"},"modified":"2022-05-22T04:51:30","modified_gmt":"2022-05-22T04:51:30","slug":"noticias","status":"publish","type":"page","link":"https:\/\/2022.showmeyourfriends.org\/es\/noticias\/","title":{"rendered":"Noticias"},"content":{"rendered":"","protected":false},"excerpt":{"rendered":"","protected":false},"author":2,"featured_media":0,"parent":0,"menu_order":0,"comment_status":"closed","ping_status":"closed","template":"page-news.php","meta":{"_acf_changed":false,"footnotes":""},"class_list":["post-84","page","type-page","status-publish","hentry"],"acf":[],"yoast_head":"<title>Noticias | Dime Con Qui\u00e9n Andas<\/title>\n<meta name=\"robots\" content=\"index, follow, max-snippet:-1, max-image-preview:large, max-video-preview:-1\" \/>\n<link rel=\"canonical\" href=\"https:\/\/2022.showmeyourfriends.org\/es\/noticias\/\" \/>\n<meta property=\"og:locale\" content=\"es_ES\" \/>\n<meta property=\"og:type\" content=\"article\" \/>\n<meta property=\"og:title\" content=\"Noticias | Dime Con Qui\u00e9n Andas\" \/>\n<meta property=\"og:url\" content=\"https:\/\/2022.showmeyourfriends.org\/es\/noticias\/\" \/>\n<meta property=\"og:site_name\" content=\"Dime Con Qui\u00e9n Andas\" \/>\n<meta property=\"article:publisher\" content=\"https:\/\/www.facebook.com\/americasvoice\" \/>\n<meta property=\"article:modified_time\" content=\"2022-05-22T04:51:30+00:00\" \/>\n<meta property=\"og:image\" content=\"https:\/\/2022.showmeyourfriends.org\/wp-content\/uploads\/2022\/06\/Explainer-e1655139156475.jpg\" \/>\n\t<meta property=\"og:image:width\" content=\"1900\" \/>\n\t<meta property=\"og:image:height\" content=\"1047\" \/>\n\t<meta property=\"og:image:type\" content=\"image\/jpeg\" \/>\n<meta name=\"twitter:card\" content=\"summary_large_image\" \/>\n<meta name=\"twitter:site\" content=\"@americasvoice\" \/>\n<script type=\"application\/ld+json\" class=\"yoast-schema-graph\">{\"@context\":\"https:\/\/schema.org\",\"@graph\":[{\"@type\":\"WebPage\",\"@id\":\"https:\/\/2022.showmeyourfriends.org\/es\/noticias\/\",\"url\":\"https:\/\/2022.showmeyourfriends.org\/es\/noticias\/\",\"name\":\"Noticias | Dime Con Qui\u00e9n Andas\",\"isPartOf\":{\"@id\":\"https:\/\/2022.showmeyourfriends.org\/es\/#website\"},\"datePublished\":\"2022-05-20T18:57:57+00:00\",\"dateModified\":\"2022-05-22T04:51:30+00:00\",\"breadcrumb\":{\"@id\":\"https:\/\/2022.showmeyourfriends.org\/es\/noticias\/#breadcrumb\"},\"inLanguage\":\"es\",\"potentialAction\":[{\"@type\":\"ReadAction\",\"target\":[\"https:\/\/2022.showmeyourfriends.org\/es\/noticias\/\"]}]},{\"@type\":\"BreadcrumbList\",\"@id\":\"https:\/\/2022.showmeyourfriends.org\/es\/noticias\/#breadcrumb\",\"itemListElement\":[{\"@type\":\"ListItem\",\"position\":1,\"name\":\"Home\",\"item\":\"https:\/\/2022.showmeyourfriends.org\/es\/\"},{\"@type\":\"ListItem\",\"position\":2,\"name\":\"Noticias\"}]},{\"@type\":\"WebSite\",\"@id\":\"https:\/\/2022.showmeyourfriends.org\/es\/#website\",\"url\":\"https:\/\/2022.showmeyourfriends.org\/es\/\",\"name\":\"Dime Con Qui\u00e9n Andas\",\"description\":\"y te dir\u00e9 qui\u00e9n eres\",\"publisher\":{\"@id\":\"https:\/\/2022.showmeyourfriends.org\/es\/#organization\"},\"potentialAction\":[{\"@type\":\"SearchAction\",\"target\":{\"@type\":\"EntryPoint\",\"urlTemplate\":\"https:\/\/2022.showmeyourfriends.org\/es\/?s={search_term_string}\"},\"query-input\":{\"@type\":\"PropertyValueSpecification\",\"valueRequired\":true,\"valueName\":\"search_term_string\"}}],\"inLanguage\":\"es\"},{\"@type\":\"Organization\",\"@id\":\"https:\/\/2022.showmeyourfriends.org\/es\/#organization\",\"name\":\"America's Voice\",\"url\":\"https:\/\/2022.showmeyourfriends.org\/es\/\",\"logo\":{\"@type\":\"ImageObject\",\"inLanguage\":\"es\",\"@id\":\"https:\/\/2022.showmeyourfriends.org\/es\/#\/schema\/logo\/image\/\",\"url\":\"https:\/\/avfriends2022.wpenginepowered.com\/wp-content\/uploads\/2022\/06\/av-logo.png\",\"contentUrl\":\"https:\/\/avfriends2022.wpenginepowered.com\/wp-content\/uploads\/2022\/06\/av-logo.png\",\"width\":3834,\"height\":1939,\"caption\":\"America's Voice\"},\"image\":{\"@id\":\"https:\/\/2022.showmeyourfriends.org\/es\/#\/schema\/logo\/image\/\"},\"sameAs\":[\"https:\/\/www.facebook.com\/americasvoice\",\"https:\/\/x.com\/americasvoice\"]}]}<\/script>","yoast_head_json":{"title":"Noticias | Dime Con Qui\u00e9n Andas","robots":{"index":"index","follow":"follow","max-snippet":"max-snippet:-1","max-image-preview":"max-image-preview:large","max-video-preview":"max-video-preview:-1"},"canonical":"https:\/\/2022.showmeyourfriends.org\/es\/noticias\/","og_locale":"es_ES","og_type":"article","og_title":"Noticias | Dime Con Qui\u00e9n Andas","og_url":"https:\/\/2022.showmeyourfriends.org\/es\/noticias\/","og_site_name":"Dime Con Qui\u00e9n Andas","article_publisher":"https:\/\/www.facebook.com\/americasvoice","article_modified_time":"2022-05-22T04:51:30+00:00","og_image":[{"width":1900,"height":1047,"url":"https:\/\/2022.showmeyourfriends.org\/wp-content\/uploads\/2022\/06\/Explainer-e1655139156475.jpg","type":"image\/jpeg"}],"twitter_card":"summary_large_image","twitter_site":"@americasvoice","schema":{"@context":"https:\/\/schema.org","@graph":[{"@type":"WebPage","@id":"https:\/\/2022.showmeyourfriends.org\/es\/noticias\/","url":"https:\/\/2022.showmeyourfriends.org\/es\/noticias\/","name":"Noticias | Dime Con Qui\u00e9n Andas","isPartOf":{"@id":"https:\/\/2022.showmeyourfriends.org\/es\/#website"},"datePublished":"2022-05-20T18:57:57+00:00","dateModified":"2022-05-22T04:51:30+00:00","breadcrumb":{"@id":"https:\/\/2022.showmeyourfriends.org\/es\/noticias\/#breadcrumb"},"inLanguage":"es","potentialAction":[{"@type":"ReadAction","target":["https:\/\/2022.showmeyourfriends.org\/es\/noticias\/"]}]},{"@type":"BreadcrumbList","@id":"https:\/\/2022.showmeyourfriends.org\/es\/noticias\/#breadcrumb","itemListElement":[{"@type":"ListItem","position":1,"name":"Home","item":"https:\/\/2022.showmeyourfriends.org\/es\/"},{"@type":"ListItem","position":2,"name":"Noticias"}]},{"@type":"WebSite","@id":"https:\/\/2022.showmeyourfriends.org\/es\/#website","url":"https:\/\/2022.showmeyourfriends.org\/es\/","name":"Dime Con Qui\u00e9n Andas","description":"y te dir\u00e9 qui\u00e9n eres","publisher":{"@id":"https:\/\/2022.showmeyourfriends.org\/es\/#organization"},"potentialAction":[{"@type":"SearchAction","target":{"@type":"EntryPoint","urlTemplate":"https:\/\/2022.showmeyourfriends.org\/es\/?s={search_term_string}"},"query-input":{"@type":"PropertyValueSpecification","valueRequired":true,"valueName":"search_term_string"}}],"inLanguage":"es"},{"@type":"Organization","@id":"https:\/\/2022.showmeyourfriends.org\/es\/#organization","name":"America's Voice","url":"https:\/\/2022.showmeyourfriends.org\/es\/","logo":{"@type":"ImageObject","inLanguage":"es","@id":"https:\/\/2022.showmeyourfriends.org\/es\/#\/schema\/logo\/image\/","url":"https:\/\/avfriends2022.wpenginepowered.com\/wp-content\/uploads\/2022\/06\/av-logo.png","contentUrl":"https:\/\/avfriends2022.wpenginepowered.com\/wp-content\/uploads\/2022\/06\/av-logo.png","width":3834,"height":1939,"caption":"America's Voice"},"image":{"@id":"https:\/\/2022.showmeyourfriends.org\/es\/#\/schema\/logo\/image\/"},"sameAs":["https:\/\/www.facebook.com\/americasvoice","https:\/\/x.com\/americasvoice"]}]}},"_links":{"self":[{"href":"https:\/\/2022.showmeyourfriends.org\/es\/wp-json\/wp\/v2\/pages\/84","targetHints":{"allow":["GET"]}}],"collection":[{"href":"https:\/\/2022.showmeyourfriends.org\/es\/wp-json\/wp\/v2\/pages"}],"about":[{"href":"https:\/\/2022.showmeyourfriends.org\/es\/wp-json\/wp\/v2\/types\/page"}],"author":[{"embeddable":true,"href":"https:\/\/2022.showmeyourfriends.org\/es\/wp-json\/wp\/v2\/users\/2"}],"replies":[{"embeddable":true,"href":"https:\/\/2022.showmeyourfriends.org\/es\/wp-json\/wp\/v2\/comments?post=84"}],"version-history":[{"count":0,"href":"https:\/\/2022.showmeyourfriends.org\/es\/wp-json\/wp\/v2\/pages\/84\/revisions"}],"wp:attachment":[{"href":"https:\/\/2022.showmeyourfriends.org\/es\/wp-json\/wp\/v2\/media?parent=84"}],"curies":[{"name":"wp","href":"https:\/\/api.w.org\/{rel}","templated":true}]}}