{"id":143,"date":"2022-05-20T19:00:55","date_gmt":"2022-05-20T19:00:55","guid":{"rendered":"https:\/\/avfriends2022.wpenginepowered.com\/sus-amigos\/"},"modified":"2022-06-03T19:10:17","modified_gmt":"2022-06-03T19:10:17","slug":"sus-amigos","status":"publish","type":"page","link":"https:\/\/2022.showmeyourfriends.org\/es\/sus-amigos\/","title":{"rendered":"Sus Amigos"},"content":{"rendered":"<p>Con amigos as\u00ed, queda claro d\u00f3nde est\u00e1n los intereses de los candidatos republicanos.<\/p>\n<p>Durante los \u00faltimos a\u00f1os, el Partido Republicano, desde el liderazgo hasta la base, se ha radicalizado. Atendiendo a una base electoral extremista y vociferante, las \u00e9lites republicanas han estado dispuestas cada vez m\u00e1s a unirse a los racistas, y una vez en la campa\u00f1a electoral han preferido usar artima\u00f1as pol\u00edticas divisorias y lenguaje incendiario, en lugar de proponer soluciones verdaderas.<\/p>\n<p>Los republicanos Kevin McCarthy y Elise Stefanik, quienes compiten por puestos de liderazgo en el Congreso, tienen la intenci\u00f3n de descarrilar toda soluci\u00f3n de sentido com\u00fan para arreglar nuestro sistema de inmigraci\u00f3n. Ellos apoyan y empoderan a otros republicanos que interact\u00faan con nacionalistas blancos, promueven peligrosas teor\u00edas conspirativas racistas y denigran a las comunidades inmigrantes.<\/p>\n<p>Las acciones de esos republicanos miembros del Congreso, que interact\u00faan con nacionalistas blancos, se hacen eco de terroristas dom\u00e9sticos y promueven mentiras racistas, amenazan la seguridad y la prosperidad de nuestras comunidades.<\/p>\n","protected":false},"excerpt":{"rendered":"<p>Con amigos as\u00ed, queda claro d\u00f3nde est\u00e1n los intereses de los candidatos republicanos. Durante los \u00faltimos a\u00f1os, el Partido Republicano, desde el liderazgo hasta la base, se ha radicalizado. Atendiendo a una base electoral extremista y vociferante, las \u00e9lites republicanas han estado dispuestas cada vez m\u00e1s a unirse a los racistas, y una vez en &hellip; <\/p>\n<p class=\"link-more\"><a href=\"https:\/\/2022.showmeyourfriends.org\/es\/sus-amigos\/\" class=\"more-link\">Continue reading<span class=\"screen-reader-text\"> \u00abSus Amigos\u00bb<\/span><\/a><\/p>\n","protected":false},"author":2,"featured_media":0,"parent":0,"menu_order":0,"comment_status":"closed","ping_status":"closed","template":"page-friends.php","meta":{"_acf_changed":false,"footnotes":""},"class_list":["post-143","page","type-page","status-publish","hentry"],"acf":[],"yoast_head":"<title>Sus Amigos | Dime Con Qui\u00e9n Andas<\/title>\n<meta name=\"robots\" content=\"index, follow, max-snippet:-1, max-image-preview:large, max-video-preview:-1\" \/>\n<link rel=\"canonical\" href=\"https:\/\/2022.showmeyourfriends.org\/es\/sus-amigos\/\" \/>\n<meta property=\"og:locale\" content=\"es_ES\" \/>\n<meta property=\"og:type\" content=\"article\" \/>\n<meta property=\"og:title\" content=\"Sus Amigos | Dime Con Qui\u00e9n Andas\" \/>\n<meta property=\"og:description\" content=\"Con amigos as\u00ed, queda claro d\u00f3nde est\u00e1n los intereses de los candidatos republicanos. Durante los \u00faltimos a\u00f1os, el Partido Republicano, desde el liderazgo hasta la base, se ha radicalizado. Atendiendo a una base electoral extremista y vociferante, las \u00e9lites republicanas han estado dispuestas cada vez m\u00e1s a unirse a los racistas, y una vez en &hellip; Continue reading &quot;Sus Amigos&quot;\" \/>\n<meta property=\"og:url\" content=\"https:\/\/2022.showmeyourfriends.org\/es\/sus-amigos\/\" \/>\n<meta property=\"og:site_name\" content=\"Dime Con Qui\u00e9n Andas\" \/>\n<meta property=\"article:publisher\" content=\"https:\/\/www.facebook.com\/americasvoice\" \/>\n<meta property=\"article:modified_time\" content=\"2022-06-03T19:10:17+00:00\" \/>\n<meta property=\"og:image\" content=\"https:\/\/2022.showmeyourfriends.org\/wp-content\/uploads\/2022\/06\/Explainer-e1655139156475.jpg\" \/>\n\t<meta property=\"og:image:width\" content=\"1900\" \/>\n\t<meta property=\"og:image:height\" content=\"1047\" \/>\n\t<meta property=\"og:image:type\" content=\"image\/jpeg\" \/>\n<meta name=\"twitter:card\" content=\"summary_large_image\" \/>\n<meta name=\"twitter:site\" content=\"@americasvoice\" \/>\n<meta name=\"twitter:label1\" content=\"Tiempo de lectura\" \/>\n\t<meta name=\"twitter:data1\" content=\"1 minuto\" \/>\n<script type=\"application\/ld+json\" class=\"yoast-schema-graph\">{\"@context\":\"https:\/\/schema.org\",\"@graph\":[{\"@type\":\"WebPage\",\"@id\":\"https:\/\/2022.showmeyourfriends.org\/es\/sus-amigos\/\",\"url\":\"https:\/\/2022.showmeyourfriends.org\/es\/sus-amigos\/\",\"name\":\"Sus Amigos | Dime Con Qui\u00e9n Andas\",\"isPartOf\":{\"@id\":\"https:\/\/2022.showmeyourfriends.org\/es\/#website\"},\"datePublished\":\"2022-05-20T19:00:55+00:00\",\"dateModified\":\"2022-06-03T19:10:17+00:00\",\"breadcrumb\":{\"@id\":\"https:\/\/2022.showmeyourfriends.org\/es\/sus-amigos\/#breadcrumb\"},\"inLanguage\":\"es\",\"potentialAction\":[{\"@type\":\"ReadAction\",\"target\":[\"https:\/\/2022.showmeyourfriends.org\/es\/sus-amigos\/\"]}]},{\"@type\":\"BreadcrumbList\",\"@id\":\"https:\/\/2022.showmeyourfriends.org\/es\/sus-amigos\/#breadcrumb\",\"itemListElement\":[{\"@type\":\"ListItem\",\"position\":1,\"name\":\"Home\",\"item\":\"https:\/\/2022.showmeyourfriends.org\/es\/\"},{\"@type\":\"ListItem\",\"position\":2,\"name\":\"Sus Amigos\"}]},{\"@type\":\"WebSite\",\"@id\":\"https:\/\/2022.showmeyourfriends.org\/es\/#website\",\"url\":\"https:\/\/2022.showmeyourfriends.org\/es\/\",\"name\":\"Dime Con Qui\u00e9n Andas\",\"description\":\"y te dir\u00e9 qui\u00e9n eres\",\"publisher\":{\"@id\":\"https:\/\/2022.showmeyourfriends.org\/es\/#organization\"},\"potentialAction\":[{\"@type\":\"SearchAction\",\"target\":{\"@type\":\"EntryPoint\",\"urlTemplate\":\"https:\/\/2022.showmeyourfriends.org\/es\/?s={search_term_string}\"},\"query-input\":{\"@type\":\"PropertyValueSpecification\",\"valueRequired\":true,\"valueName\":\"search_term_string\"}}],\"inLanguage\":\"es\"},{\"@type\":\"Organization\",\"@id\":\"https:\/\/2022.showmeyourfriends.org\/es\/#organization\",\"name\":\"America's Voice\",\"url\":\"https:\/\/2022.showmeyourfriends.org\/es\/\",\"logo\":{\"@type\":\"ImageObject\",\"inLanguage\":\"es\",\"@id\":\"https:\/\/2022.showmeyourfriends.org\/es\/#\/schema\/logo\/image\/\",\"url\":\"https:\/\/avfriends2022.wpenginepowered.com\/wp-content\/uploads\/2022\/06\/av-logo.png\",\"contentUrl\":\"https:\/\/avfriends2022.wpenginepowered.com\/wp-content\/uploads\/2022\/06\/av-logo.png\",\"width\":3834,\"height\":1939,\"caption\":\"America's Voice\"},\"image\":{\"@id\":\"https:\/\/2022.showmeyourfriends.org\/es\/#\/schema\/logo\/image\/\"},\"sameAs\":[\"https:\/\/www.facebook.com\/americasvoice\",\"https:\/\/x.com\/americasvoice\"]}]}<\/script>","yoast_head_json":{"title":"Sus Amigos | Dime Con Qui\u00e9n Andas","robots":{"index":"index","follow":"follow","max-snippet":"max-snippet:-1","max-image-preview":"max-image-preview:large","max-video-preview":"max-video-preview:-1"},"canonical":"https:\/\/2022.showmeyourfriends.org\/es\/sus-amigos\/","og_locale":"es_ES","og_type":"article","og_title":"Sus Amigos | Dime Con Qui\u00e9n Andas","og_description":"Con amigos as\u00ed, queda claro d\u00f3nde est\u00e1n los intereses de los candidatos republicanos. Durante los \u00faltimos a\u00f1os, el Partido Republicano, desde el liderazgo hasta la base, se ha radicalizado. Atendiendo a una base electoral extremista y vociferante, las \u00e9lites republicanas han estado dispuestas cada vez m\u00e1s a unirse a los racistas, y una vez en &hellip; Continue reading \"Sus Amigos\"","og_url":"https:\/\/2022.showmeyourfriends.org\/es\/sus-amigos\/","og_site_name":"Dime Con Qui\u00e9n Andas","article_publisher":"https:\/\/www.facebook.com\/americasvoice","article_modified_time":"2022-06-03T19:10:17+00:00","og_image":[{"width":1900,"height":1047,"url":"https:\/\/2022.showmeyourfriends.org\/wp-content\/uploads\/2022\/06\/Explainer-e1655139156475.jpg","type":"image\/jpeg"}],"twitter_card":"summary_large_image","twitter_site":"@americasvoice","twitter_misc":{"Tiempo de lectura":"1 minuto"},"schema":{"@context":"https:\/\/schema.org","@graph":[{"@type":"WebPage","@id":"https:\/\/2022.showmeyourfriends.org\/es\/sus-amigos\/","url":"https:\/\/2022.showmeyourfriends.org\/es\/sus-amigos\/","name":"Sus Amigos | Dime Con Qui\u00e9n Andas","isPartOf":{"@id":"https:\/\/2022.showmeyourfriends.org\/es\/#website"},"datePublished":"2022-05-20T19:00:55+00:00","dateModified":"2022-06-03T19:10:17+00:00","breadcrumb":{"@id":"https:\/\/2022.showmeyourfriends.org\/es\/sus-amigos\/#breadcrumb"},"inLanguage":"es","potentialAction":[{"@type":"ReadAction","target":["https:\/\/2022.showmeyourfriends.org\/es\/sus-amigos\/"]}]},{"@type":"BreadcrumbList","@id":"https:\/\/2022.showmeyourfriends.org\/es\/sus-amigos\/#breadcrumb","itemListElement":[{"@type":"ListItem","position":1,"name":"Home","item":"https:\/\/2022.showmeyourfriends.org\/es\/"},{"@type":"ListItem","position":2,"name":"Sus Amigos"}]},{"@type":"WebSite","@id":"https:\/\/2022.showmeyourfriends.org\/es\/#website","url":"https:\/\/2022.showmeyourfriends.org\/es\/","name":"Dime Con Qui\u00e9n Andas","description":"y te dir\u00e9 qui\u00e9n eres","publisher":{"@id":"https:\/\/2022.showmeyourfriends.org\/es\/#organization"},"potentialAction":[{"@type":"SearchAction","target":{"@type":"EntryPoint","urlTemplate":"https:\/\/2022.showmeyourfriends.org\/es\/?s={search_term_string}"},"query-input":{"@type":"PropertyValueSpecification","valueRequired":true,"valueName":"search_term_string"}}],"inLanguage":"es"},{"@type":"Organization","@id":"https:\/\/2022.showmeyourfriends.org\/es\/#organization","name":"America's Voice","url":"https:\/\/2022.showmeyourfriends.org\/es\/","logo":{"@type":"ImageObject","inLanguage":"es","@id":"https:\/\/2022.showmeyourfriends.org\/es\/#\/schema\/logo\/image\/","url":"https:\/\/avfriends2022.wpenginepowered.com\/wp-content\/uploads\/2022\/06\/av-logo.png","contentUrl":"https:\/\/avfriends2022.wpenginepowered.com\/wp-content\/uploads\/2022\/06\/av-logo.png","width":3834,"height":1939,"caption":"America's Voice"},"image":{"@id":"https:\/\/2022.showmeyourfriends.org\/es\/#\/schema\/logo\/image\/"},"sameAs":["https:\/\/www.facebook.com\/americasvoice","https:\/\/x.com\/americasvoice"]}]}},"_links":{"self":[{"href":"https:\/\/2022.showmeyourfriends.org\/es\/wp-json\/wp\/v2\/pages\/143","targetHints":{"allow":["GET"]}}],"collection":[{"href":"https:\/\/2022.showmeyourfriends.org\/es\/wp-json\/wp\/v2\/pages"}],"about":[{"href":"https:\/\/2022.showmeyourfriends.org\/es\/wp-json\/wp\/v2\/types\/page"}],"author":[{"embeddable":true,"href":"https:\/\/2022.showmeyourfriends.org\/es\/wp-json\/wp\/v2\/users\/2"}],"replies":[{"embeddable":true,"href":"https:\/\/2022.showmeyourfriends.org\/es\/wp-json\/wp\/v2\/comments?post=143"}],"version-history":[{"count":0,"href":"https:\/\/2022.showmeyourfriends.org\/es\/wp-json\/wp\/v2\/pages\/143\/revisions"}],"wp:attachment":[{"href":"https:\/\/2022.showmeyourfriends.org\/es\/wp-json\/wp\/v2\/media?parent=143"}],"curies":[{"name":"wp","href":"https:\/\/api.w.org\/{rel}","templated":true}]}}